{"id":14,"date":"2011-05-26T01:03:17","date_gmt":"2011-05-26T01:03:17","guid":{"rendered":"http:\/\/localhost:8888\/screengraf\/?page_id=6"},"modified":"2016-11-29T14:39:42","modified_gmt":"2016-11-29T14:39:42","slug":"somos","status":"publish","type":"page","link":"https:\/\/www.screengraf.cl\/sitio_2016\/somos\/","title":{"rendered":"Somos"},"content":{"rendered":"<p>Somos una empresa con trayectoria de m\u00e1s de 25 a\u00f1os, que desde sus or\u00edgenes ayud\u00f3 a la difusi\u00f3n de la t\u00e9cnica serigr\u00e1fica a nivel nacional.<\/p>\n<p>La continua participaci\u00f3n en exposiciones y ferias especializadas y la capacitaci\u00f3n en cursos de perfeccionamiento desarrollados por nuestras representadas, nos han entregado el conocimiento indispensable para ofrecer asesor\u00eda y soluciones integrales a los requerimientos espec\u00edficos de cada cliente.<\/p>\n<p>En la actualidad con un equipo de 30 funcionarios y representaciones de los principales fabricantes a nivel mundial, nos hemos consolidado como el mayor proveedor nacional de tintas, auxiliares, equipamiento y servicios complementarios para:<\/p>\n<p>SERIGRAFIA<br \/>\nESTAMPADO TEXTIL<br \/>\nIMPRESION DIGITAL<\/p>\n","protected":false},"excerpt":{"rendered":"<p>Somos una empresa con trayectoria de m\u00e1s de 25 a\u00f1os, que desde sus or\u00edgenes ayud\u00f3 a la difusi\u00f3n de la t\u00e9cnica serigr\u00e1fica a nivel nacional. La continua participaci\u00f3n en exposiciones y ferias especializadas y la capacitaci\u00f3n en cursos de perfeccionamiento desarrollados por nuestras representadas, nos han entregado el conocimiento indispensable para ofrecer asesor\u00eda y soluciones [&hellip;]<\/p>\n","protected":false},"author":1,"featured_media":0,"parent":0,"menu_order":1,"comment_status":"open","ping_status":"open","template":"","meta":[],"_links":{"self":[{"href":"https:\/\/www.screengraf.cl\/sitio_2016\/wp-json\/wp\/v2\/pages\/14"}],"collection":[{"href":"https:\/\/www.screengraf.cl\/sitio_2016\/wp-json\/wp\/v2\/pages"}],"about":[{"href":"https:\/\/www.screengraf.cl\/sitio_2016\/wp-json\/wp\/v2\/types\/page"}],"author":[{"embeddable":true,"href":"https:\/\/www.screengraf.cl\/sitio_2016\/wp-json\/wp\/v2\/users\/1"}],"replies":[{"embeddable":true,"href":"https:\/\/www.screengraf.cl\/sitio_2016\/wp-json\/wp\/v2\/comments?post=14"}],"version-history":[{"count":3,"href":"https:\/\/www.screengraf.cl\/sitio_2016\/wp-json\/wp\/v2\/pages\/14\/revisions"}],"predecessor-version":[{"id":91,"href":"https:\/\/www.screengraf.cl\/sitio_2016\/wp-json\/wp\/v2\/pages\/14\/revisions\/91"}],"wp:attachment":[{"href":"https:\/\/www.screengraf.cl\/sitio_2016\/wp-json\/wp\/v2\/media?parent=14"}],"curies":[{"name":"wp","href":"https:\/\/api.w.org\/{rel}","templated":true}]}}