{"id":17,"date":"2011-06-09T21:15:03","date_gmt":"2011-06-09T21:15:03","guid":{"rendered":"http:\/\/localhost:8888\/screengraf\/?page_id=14"},"modified":"2016-11-29T11:48:08","modified_gmt":"2016-11-29T11:48:08","slug":"sericol","status":"publish","type":"page","link":"https:\/\/www.screengraf.cl\/sitio_2016\/productos\/sericol\/","title":{"rendered":"Sericol &#8211; Mas Que tintas&#8230; Soluciones"},"content":{"rendered":"<p>De procedencia inglesa, es el l\u00edder mundial en la investigaci\u00f3n y fabricaci\u00f3n de tintas serigr\u00e1ficas.<\/p>\n<h3>Sus desarrollos&nbsp; se orientan a:<\/h3>\n<p>&#8211; Serigraf\u00eda gr\u00e1fica<br \/>\n&#8211; Estampado textil<br \/>\n&#8211; Packaging<br \/>\n&#8211; Procesos industriales<br \/>\n&#8211; Flexo UV<br \/>\n&#8211; Off-set UV<\/p>\n<h3>Entre sus variadas l\u00edneas de productos disponemos de:<\/h3>\n<p>+ Tintas base solvente:<br \/>\nPOLYPLAST PY &#8211; PLASTIJET XG y TG &#8211; MATT-PLAST MG &#8211; PLASTISTAR OE \u2013 SILKVINIL FC y BR &#8211; PLASTIPAK PA &#8211; PLASTIPURE FP &#8211; PERMASTAR PV &#8211; POLYDYNE YD &#8211; RUB REMOVABLE RR &#8211; REPROPAK RP<\/p>\n<p>+ Tintas de dos componentes:<br \/>\nUNIPOL UF &#8211; POLYSCREEN PS &#8211; NYLOBAG NB &#8211; NYLOTEX NX \u2013<\/p>\n<p>+ Tintas plastisol:<br \/>\nTEXOPAQUE OP &#8211; MULTITRAN XM -(para estampado directo y elaboraci\u00f3n de transfer)<\/p>\n<p>+ Tintas de secado UV:<br \/>\nOMNIPLUS UL &#8211; UVIDPEED UX &#8211; UVIPAK NG &#8211; MULTIDYNE LY &#8211; SERIDISC UR y CK &#8211; SILKPLUS HMP &#8211; SILKPLUS EVOLUTION &#8211; SILKPLUS ADVANTAGE &#8211; SILKPLUS MP &#8211; UVIBOND UV &#8211; BARNICES UV (lacas) \u2013<\/p>\n<p>+ Tintas sublimables:<br \/>\nSUBLISCREEN HQ<\/p>\n<p>+ Otras tintas:<br \/>\nDigitales serie COLOR + &#8211; Flexo UV UVIVID &#8211; Offset UV \u2013<\/p>\n<p>+ Emulsiones fotosensibles:<br \/>\nDIRASOL 25 &#8211; 29 &#8211; 32 &#8211; RAPID &#8211; 902 &#8211; 915 &#8211; 916 &#8211; ENDURO \u2013 132 (diazo &#8211; diazo\/fotopol\u00edmera &#8211; 100% fotopol\u00edmera o presensibilizada)<\/p>\n<p>+ Auxiliares para preparaci\u00f3n de est\u00e9nciles:<br \/>\n&#8211; Desengrasantes, SERIPREP 300 &#8211; PREP 101 &#8211; PREP 102<br \/>\n&#8211; Removedores de emulsi\u00f3n, SERISTRIP POWDER &#8211; SERISTRIP l\u00edquido<br \/>\n&#8211; Regeneradores de mallas, SERIPASTE \u2013 SERIPASTE GEL XL<br \/>\n&#8211; Bloqueador, SERIFIL GREEN<br \/>\n&#8211; Quita fantasma, ANTISTAIN DIAZO \u2013<br \/>\n&#8211; Activadores, SERISOLVE SVL \u2013 SCREEN CLEANER LO \u2013 SCREEN CLEANER UV<br \/>\n&#8211; Adhesivos, SERIFIX 2 EXTRA (p\/tensado) &#8211; T-FIX SPRAY (adhesivo p\/mes\u00f3n) \u2013<\/p>\n<h3>** Desarrollos especiales para aplicar sobre variados sustratos, tales como:<\/h3>\n<p>&#8211; Vinilos autoadhesivos &#8211; PVC flexible y r\u00edgido &#8211; Poliestireno PAI &#8211; Acr\u00edlico &#8211; Poli\u00e9ster revestido &#8211; ABS &#8211; Policarbonato &#8211; Cartulina \u2013 Papel &#8211; Cart\u00f3n liso y corrugado &#8211; Cuero &#8211; Madera &#8211; PET &#8211; Vidrio \u2013 CAB &#8211; Polipropileno liso y corrugado &#8211; Polietileno pretratado Metal &#8211; Aluminio &#8211; Acero &#8211; Metales revestidos &#8211; Enlozados Superficies v\u00edtreas y horneadas &#8211; Cer\u00e1mica. Loza &#8211; Melamina \u2013 Nylon &#8211; Tejidos con fibras sint\u00e9ticas &#8211; Algod\u00f3n &#8211; Tejidos de poli\u00e9ster \u2013 Tejidos de algod\u00f3n\/poli\u00e9ster -etc.<\/p>\n<h3>** Tintas para aplicaciones especiales, como:<\/h3>\n<p>&#8211; Termoformado (formaci\u00f3n al vac\u00edo) \u2013 Pigmentos resistentes a los rayos UV<br \/>\n\u2013 Tintas resistentes a: temperatura &#8211; \u00e1cidos &#8211; lej\u00edas &#8211; alcohol &#8211; grasa &#8211; petr\u00f3leo &#8211; \u00e1lcalis \u2013 Tintas removibles (raspe) &#8211; Otras para grabado con acido \u2013<\/p>\n<h3>* * Sistema para formulaci\u00f3n de colores Pantone<\/h3>\n","protected":false},"excerpt":{"rendered":"<p>De procedencia inglesa, es el l\u00edder mundial en la investigaci\u00f3n y fabricaci\u00f3n de tintas serigr\u00e1ficas. Sus desarrollos&nbsp; se orientan a: &#8211; Serigraf\u00eda gr\u00e1fica &#8211; Estampado textil &#8211; Packaging &#8211; Procesos industriales &#8211; Flexo UV &#8211; Off-set UV Entre sus variadas l\u00edneas de productos disponemos de: + Tintas base solvente: POLYPLAST PY &#8211; PLASTIJET XG y [&hellip;]<\/p>\n","protected":false},"author":1,"featured_media":0,"parent":15,"menu_order":0,"comment_status":"open","ping_status":"closed","template":"","meta":[],"_links":{"self":[{"href":"https:\/\/www.screengraf.cl\/sitio_2016\/wp-json\/wp\/v2\/pages\/17"}],"collection":[{"href":"https:\/\/www.screengraf.cl\/sitio_2016\/wp-json\/wp\/v2\/pages"}],"about":[{"href":"https:\/\/www.screengraf.cl\/sitio_2016\/wp-json\/wp\/v2\/types\/page"}],"author":[{"embeddable":true,"href":"https:\/\/www.screengraf.cl\/sitio_2016\/wp-json\/wp\/v2\/users\/1"}],"replies":[{"embeddable":true,"href":"https:\/\/www.screengraf.cl\/sitio_2016\/wp-json\/wp\/v2\/comments?post=17"}],"version-history":[{"count":2,"href":"https:\/\/www.screengraf.cl\/sitio_2016\/wp-json\/wp\/v2\/pages\/17\/revisions"}],"predecessor-version":[{"id":86,"href":"https:\/\/www.screengraf.cl\/sitio_2016\/wp-json\/wp\/v2\/pages\/17\/revisions\/86"}],"up":[{"embeddable":true,"href":"https:\/\/www.screengraf.cl\/sitio_2016\/wp-json\/wp\/v2\/pages\/15"}],"wp:attachment":[{"href":"https:\/\/www.screengraf.cl\/sitio_2016\/wp-json\/wp\/v2\/media?parent=17"}],"curies":[{"name":"wp","href":"https:\/\/api.w.org\/{rel}","templated":true}]}}