{"id":20,"date":"2011-06-10T14:11:16","date_gmt":"2011-06-10T14:11:16","guid":{"rendered":"http:\/\/localhost:8888\/screengraf\/?page_id=19"},"modified":"2016-11-28T14:32:15","modified_gmt":"2016-11-28T14:32:15","slug":"wilflex","status":"publish","type":"page","link":"https:\/\/www.screengraf.cl\/sitio_2016\/productos\/wilflex\/","title":{"rendered":"Wilflex"},"content":{"rendered":"<p>Industria Norteamericana l\u00edder mundial en la fabricaci\u00f3n de plastisoles textiles para estampaci\u00f3n directa.<\/p>\n<h3>Entre sus desarrollos exclusivos existen:<\/h3>\n<p>&#8211; Blancos y negros para algod\u00f3n, mezcla algod\u00f3n\/poli\u00e9ster, poli\u00e9ster y otras fibras sint\u00e9ticas. Cubrientes y para minimizar migraci\u00f3n.<br \/>\n* POLYWHITE<br \/>\n* L.A. WHITE<br \/>\n* QUICK WHITE<br \/>\n* BRIGHT TIGER<br \/>\n* ECHO WHITE<br \/>\n* PRINT BLACK<\/p>\n<h3>&#8211; Bases pigmentables:<\/h3>\n<p>\u2022 AMAZING: para formulaci\u00f3n de colores cubrientes<br \/>\n\u2022 FASHION SOFT: con tacto suave para fondos claros<br \/>\n\u2022 BASE SSVFF-E: para telas elasticadas (strech)<\/p>\n<h3>&#8211; Efectos especiales:<\/h3>\n<p>\u2022 LUNA CLEAR: estampados que se iluminan bajo condiciones de luz negra.<br \/>\n\u2022 SUPER HD CLEAR: gel de alto brillo para hight density<br \/>\n\u2022 SPECCIAL EFFECTS CLEAR: gel para alto brillo<br \/>\n\u2022 UNDERBASE GRAY: para evitar migraci\u00f3n<br \/>\n\u2022 FLOCK ADHESIVE: para flockear con pelillo y electrost\u00e1tica<br \/>\n\u2022 BASE MCVFF-E: base strech de alto brillo para mezclar con glitter<br \/>\n\u2022 NATURAL SUEDE: efecto gamuza<br \/>\n\u2022 NUPUFF: base expandible (inflado)<br \/>\n\u2022 BASE NOVA: p\/utilizar con glitter<br \/>\n\u2022 SCULPTURE: relieve hight density<\/p>\n<h3>&#8211; Metalizados:<\/h3>\n<p>\u2022 LIQUID SILVER Y GOLD: colores metalizados de alto brillo.<br \/>\n\u2022 SHIMMER SILVER Y GOLD: metalizados con efecto perlado.<br \/>\n\u2022 PIGMENTO PLASTISOL CONCETRADO : colores b\u00e1sicos y fluorescentes<\/p>\n<h3>&#8211; Transfer:<\/h3>\n<p>\u2022 SUPERBOND ADHESIVE: adhesivo transparente p\/fabricaci\u00f3n de transfer<\/p>\n<h3>&#8211; Aditivos:<\/h3>\n<p>\u2022 REDUCTOR CURABLE: reductor de viscosidad que no afecta el curado.<br \/>\n\u2022 ADITIVO STRECH: para dar elasticidad<br \/>\n\u2022 FOIL RESIST: repele la adhesi\u00f3n del foil durante la transferencia.<br \/>\n\u2022 VISCOSITY BUSTER: reductor de viscosidad<br \/>\n\u2022 SOFT HAND: suavisante<br \/>\n\u2022 ADITIVO HIGHT DENSITY: efecto de alta densidad<\/p>\n<h3>&#8211; Auxiliares:<\/h3>\n<p>\u2022 EASY ART: software para separaci\u00f3n de colores<br \/>\n\u2022 THERMOPROBE: para control de la temperatura dentro del horno de curado.<\/p>\n","protected":false},"excerpt":{"rendered":"<p>Industria Norteamericana l\u00edder mundial en la fabricaci\u00f3n de plastisoles textiles para estampaci\u00f3n directa. Entre sus desarrollos exclusivos existen: &#8211; Blancos y negros para algod\u00f3n, mezcla algod\u00f3n\/poli\u00e9ster, poli\u00e9ster y otras fibras sint\u00e9ticas. Cubrientes y para minimizar migraci\u00f3n. * POLYWHITE * L.A. WHITE * QUICK WHITE * BRIGHT TIGER * ECHO WHITE * PRINT BLACK &#8211; Bases [&hellip;]<\/p>\n","protected":false},"author":1,"featured_media":0,"parent":15,"menu_order":2,"comment_status":"open","ping_status":"closed","template":"","meta":[],"_links":{"self":[{"href":"https:\/\/www.screengraf.cl\/sitio_2016\/wp-json\/wp\/v2\/pages\/20"}],"collection":[{"href":"https:\/\/www.screengraf.cl\/sitio_2016\/wp-json\/wp\/v2\/pages"}],"about":[{"href":"https:\/\/www.screengraf.cl\/sitio_2016\/wp-json\/wp\/v2\/types\/page"}],"author":[{"embeddable":true,"href":"https:\/\/www.screengraf.cl\/sitio_2016\/wp-json\/wp\/v2\/users\/1"}],"replies":[{"embeddable":true,"href":"https:\/\/www.screengraf.cl\/sitio_2016\/wp-json\/wp\/v2\/comments?post=20"}],"version-history":[{"count":3,"href":"https:\/\/www.screengraf.cl\/sitio_2016\/wp-json\/wp\/v2\/pages\/20\/revisions"}],"predecessor-version":[{"id":60,"href":"https:\/\/www.screengraf.cl\/sitio_2016\/wp-json\/wp\/v2\/pages\/20\/revisions\/60"}],"up":[{"embeddable":true,"href":"https:\/\/www.screengraf.cl\/sitio_2016\/wp-json\/wp\/v2\/pages\/15"}],"wp:attachment":[{"href":"https:\/\/www.screengraf.cl\/sitio_2016\/wp-json\/wp\/v2\/media?parent=20"}],"curies":[{"name":"wp","href":"https:\/\/api.w.org\/{rel}","templated":true}]}}