{"id":21,"date":"2011-06-10T14:11:37","date_gmt":"2011-06-10T14:11:37","guid":{"rendered":"http:\/\/localhost:8888\/screengraf\/?page_id=21"},"modified":"2016-11-28T15:49:22","modified_gmt":"2016-11-28T15:49:22","slug":"fremplast","status":"publish","type":"page","link":"https:\/\/www.screengraf.cl\/sitio_2016\/productos\/fremplast\/","title":{"rendered":"Fremplast"},"content":{"rendered":"<p>Unos de los fabricantes de tinta textiles autoreticulantes m\u00e1s importante de Brasil.<\/p>\n<p>Su amplia gama de productos incluye:<\/p>\n<p>&#8211; Colores listos para usar, para fondos claros y cubrientes.<\/p>\n<h3>&#8211; Bases pigmentables:<\/h3>\n<p>\u2022 BASE CLEAR RA\/PV: para fondos claros<br \/>\n\u2022 BASE F.S. MIX: para fondos oscuros<br \/>\n\u2022 BASE PUFF: tinta expandible con calor<\/p>\n<p>&#8211; Blanco cubriente:<\/p>\n<h3>\u2022 F.S. BLANCO SUPER<\/h3>\n<p>&#8211; Tintas y bases para tejido con alto contenido de fibras sint\u00e9ticas:<\/p>\n<p>\u2022 HIDROPLAST INCOLORA: base pigmentable para fondos claros<br \/>\n\u2022 HIDROPLAST BLANCO<br \/>\n\u2022 HIDROCOBERTURA MIX :base pigmentable para fondos oscuros<br \/>\n\u2022 HIDROPLAST METALIZADO: plata \u2013 oro \u2013 base transparente con efecto perlado<\/p>\n<h3>&#8211; Tintas metalizadas:<\/h3>\n<p>\u2022 F.S. CLEAR PRINT : silver \u2013 gold \u2013 bronce \u2013 cobre<\/p>\n<h3>&#8211; Tintas para cuatricromia:<\/h3>\n<p>\u2022 ACRIPLAST CROMIA : para tejidos de algod\u00f3n y mezcla<br \/>\n\u2022 STAMP FOIL: para impresi\u00f3n de foil<\/p>\n<h3>&#8211; Tintas para corrosi\u00f3n:<\/h3>\n<p>\u2022 DEVORE: corroe solo las fibras de algod\u00f3n, dejando las fibras sint\u00e9ticas<br \/>\n\u2022 RONG PLAST: que simula el efecto envejecido<br \/>\n\u2022 RONG JEANS INCOLOR: para decolorar el te\u00f1ido del jeans, quedando la fibra de su color natural<br \/>\n\u2022 CORROSION CLEAN BLANCA: base pigmentable para descarga, corroe y simult\u00e1neamente transfiere el color.<\/p>\n<h3>&#8211; Otros efectos especiales:<\/h3>\n<p>\u2022 HIDROBLOCKING: bloquea la sublimaci\u00f3n o migraci\u00f3n del te\u00f1ido de los tejidos<br \/>\n\u2022 CLEAR MARMORIZADO: para efecto \u00e1spero<br \/>\n\u2022 CLEAR INIB FLOCK\/FOIL: inhibe la adherencia del flock y del foil al momento de la transferencia.<br \/>\n\u2022 CLEAR ACID PRINT: imita el efecto que deja la corrosi\u00f3n (falsa corrosi\u00f3n)<\/p>\n<h3>&#8211; Adhesivos:<\/h3>\n<p>\u2022 COLA ESFERA DE VIDRIO: para fijar o adherir piedras y vidrios al estampado.<br \/>\n\u2022 COLA PAPEL FLOCK: para transferencia de papel flock<br \/>\n\u2022 COLA STAMPLAST P\/FOIL: para fijar foil<br \/>\n\u2022 COLA PB-GLITTER: para usar mezclando glitter \u2013 purpurina y para aplicaci\u00f3n de pelillo con electrost\u00e1tica.<\/p>\n<h3>&#8211; Otras tintas:<\/h3>\n<p>\u2022 EVAPRINT: tinta base solvente recomendada para goma EVA y l\u00e1tex (globos)<\/p>\n<h3>&#8211; Auxiliares:<\/h3>\n<p>\u2022 PAPEL TRANSFER SOFT<br \/>\n\u2022 PAPEL BARNIZ C(BRILLO<br \/>\n\u2022 RETARDADOR VISCORET<br \/>\n\u2022 ESPESANTE CONCENTRADO<br \/>\n\u2022 ANTITACTO JRA<br \/>\n\u2022 FIJADOR ME<br \/>\n\u2022 FIJADOR FE-AR<br \/>\n\u2022 ADITIVO SU (reductor)<br \/>\n\u2022 TERMOMETRO INFRA RED<\/p>\n","protected":false},"excerpt":{"rendered":"<p>Unos de los fabricantes de tinta textiles autoreticulantes m\u00e1s importante de Brasil. Su amplia gama de productos incluye: &#8211; Colores listos para usar, para fondos claros y cubrientes. &#8211; Bases pigmentables: \u2022 BASE CLEAR RA\/PV: para fondos claros \u2022 BASE F.S. MIX: para fondos oscuros \u2022 BASE PUFF: tinta expandible con calor &#8211; Blanco cubriente: [&hellip;]<\/p>\n","protected":false},"author":1,"featured_media":0,"parent":15,"menu_order":3,"comment_status":"open","ping_status":"closed","template":"","meta":[],"_links":{"self":[{"href":"https:\/\/www.screengraf.cl\/sitio_2016\/wp-json\/wp\/v2\/pages\/21"}],"collection":[{"href":"https:\/\/www.screengraf.cl\/sitio_2016\/wp-json\/wp\/v2\/pages"}],"about":[{"href":"https:\/\/www.screengraf.cl\/sitio_2016\/wp-json\/wp\/v2\/types\/page"}],"author":[{"embeddable":true,"href":"https:\/\/www.screengraf.cl\/sitio_2016\/wp-json\/wp\/v2\/users\/1"}],"replies":[{"embeddable":true,"href":"https:\/\/www.screengraf.cl\/sitio_2016\/wp-json\/wp\/v2\/comments?post=21"}],"version-history":[{"count":4,"href":"https:\/\/www.screengraf.cl\/sitio_2016\/wp-json\/wp\/v2\/pages\/21\/revisions"}],"predecessor-version":[{"id":64,"href":"https:\/\/www.screengraf.cl\/sitio_2016\/wp-json\/wp\/v2\/pages\/21\/revisions\/64"}],"up":[{"embeddable":true,"href":"https:\/\/www.screengraf.cl\/sitio_2016\/wp-json\/wp\/v2\/pages\/15"}],"wp:attachment":[{"href":"https:\/\/www.screengraf.cl\/sitio_2016\/wp-json\/wp\/v2\/media?parent=21"}],"curies":[{"name":"wp","href":"https:\/\/api.w.org\/{rel}","templated":true}]}}