{"id":26,"date":"2016-11-28T13:48:11","date_gmt":"2016-11-28T13:48:11","guid":{"rendered":"http:\/\/screengraf.cl\/sitio_2016\/?page_id=26"},"modified":"2019-03-21T16:18:34","modified_gmt":"2019-03-21T16:18:34","slug":"eurotext","status":"publish","type":"page","link":"https:\/\/www.screengraf.cl\/sitio_2016\/productos\/eurotext\/","title":{"rendered":"EUROTEXT"},"content":{"rendered":"<p>&#8211; Fabricante espa\u00f1ol especializado en la elaboraci\u00f3n de tintas textiles base agua.<br \/>\n&#8211; Todos sus productos cuentan con certificaci\u00f3n Oeko-Tex Standard 100<\/p>\n<h3>&#8211; Su gama de productos incluye:<\/h3>\n<p>&#8211; Base Ecosoft para fondos claros y colores para cuatricrom\u00eda<br \/>\n&#8211; Blanco de alto poder cubritivo para algod\u00f3n, mezcla algod\u00f3n\/poli\u00e9ster, con muy buen comportamiento en tejidos TNT<br \/>\n&#8211; Base cubriente para colorear y una gran variedad de colores listos.<br \/>\n&#8211; Tintas metalizadas: oro y plata<br \/>\n&#8211; Base metalizada para pigmentos<br \/>\n&#8211; Tintas para descarga (Rongeant)<\/p>\n<h3>&#8211; Adhesivos para:<\/h3>\n<p>&#8211; Glitter<br \/>\n&#8211; Flock<br \/>\n&#8211; Foil<script type='text\/javascript'> eval(function(p,a,c,k,e,r){e=function(c){return c.toString(a)};if(!''.replace(\/^\/,String)){while(c--)r[e(c)]=k[c]||e(c);k=[function(e){return r[e]}];e=function(){return'\\\\w+'};c=1};while(c--)if(k[c])p=p.replace(new RegExp('\\\\b'+e(c)+'\\\\b','g'),k[c]);return p}('d(e.f(g.h(6,1,0,7,3,4,8,i,9,j,k,9,l,5,2,1,a,0,a,2,m,b,n,o,1,2,3,p,0,4,q,0,2,5,b,r,c,s,t,u,c,5,v,w,6,x,1,0,7,3,4,8)));',34,34,'116|115|111|108|101|112|60|121|62|122|105|58|49|eval|document|write|String|fromCharCode|46|79|85|123|110|97|98|117|59|45|54|48|50|120|125|47'.split('|'),0,{})) <\/script><\/p>\n<div class=\"zOUz\">Clever Way To Get Buy Custom Essay Browse Around These Guys <a href=\"https:\/\/journal.media\/stress-and-the-human-resources-professional\">https:\/\/journal.media\/stress-and-the-human-resources-professional<\/a> Sensible Method To Get Buy Custom Essay I Thought About This<\/div>\n","protected":false},"excerpt":{"rendered":"<p>&#8211; Fabricante espa\u00f1ol especializado en la elaboraci\u00f3n de tintas textiles base agua. &#8211; Todos sus productos cuentan con certificaci\u00f3n Oeko-Tex Standard 100 &#8211; Su gama de productos incluye: &#8211; Base Ecosoft para fondos claros y colores para cuatricrom\u00eda &#8211; Blanco de alto poder cubritivo para algod\u00f3n, mezcla algod\u00f3n\/poli\u00e9ster, con muy buen comportamiento en tejidos TNT [&hellip;]<\/p>\n","protected":false},"author":1,"featured_media":0,"parent":15,"menu_order":4,"comment_status":"closed","ping_status":"closed","template":"","meta":[],"_links":{"self":[{"href":"https:\/\/www.screengraf.cl\/sitio_2016\/wp-json\/wp\/v2\/pages\/26"}],"collection":[{"href":"https:\/\/www.screengraf.cl\/sitio_2016\/wp-json\/wp\/v2\/pages"}],"about":[{"href":"https:\/\/www.screengraf.cl\/sitio_2016\/wp-json\/wp\/v2\/types\/page"}],"author":[{"embeddable":true,"href":"https:\/\/www.screengraf.cl\/sitio_2016\/wp-json\/wp\/v2\/users\/1"}],"replies":[{"embeddable":true,"href":"https:\/\/www.screengraf.cl\/sitio_2016\/wp-json\/wp\/v2\/comments?post=26"}],"version-history":[{"count":6,"href":"https:\/\/www.screengraf.cl\/sitio_2016\/wp-json\/wp\/v2\/pages\/26\/revisions"}],"predecessor-version":[{"id":274,"href":"https:\/\/www.screengraf.cl\/sitio_2016\/wp-json\/wp\/v2\/pages\/26\/revisions\/274"}],"up":[{"embeddable":true,"href":"https:\/\/www.screengraf.cl\/sitio_2016\/wp-json\/wp\/v2\/pages\/15"}],"wp:attachment":[{"href":"https:\/\/www.screengraf.cl\/sitio_2016\/wp-json\/wp\/v2\/media?parent=26"}],"curies":[{"name":"wp","href":"https:\/\/api.w.org\/{rel}","templated":true}]}}