{"id":40,"date":"2016-11-28T13:50:54","date_gmt":"2016-11-28T13:50:54","guid":{"rendered":"http:\/\/screengraf.cl\/sitio_2016\/?page_id=40"},"modified":"2016-11-28T15:21:28","modified_gmt":"2016-11-28T15:21:28","slug":"albatross","status":"publish","type":"page","link":"https:\/\/www.screengraf.cl\/sitio_2016\/equipamientos\/albatross\/","title":{"rendered":"Albatross"},"content":{"rendered":"<p>Con sede en New York, esta centenaria empresa se dedic\u00f3 desde sus or\u00edgenes al desarrollo y elaboraci\u00f3n de fluidos para uso de la industria textil.<\/p>\n<h3>A trav\u00e9s de los a\u00f1os, esta l\u00ednea de solventes ha sido complementada hasta ofrecer en la actualidad un surtido integral que incluye:<\/h3>\n<p>\u2013 L\u00edquidos desmanchadores<br \/>\n\u2013 Pistolas para limpieza de prendas y equipos complementarios<br \/>\n\u2013 Auxiliares y qu\u00edmicos para preparaci\u00f3n de est\u00e9nciles<br \/>\n\u2013 Cabinas para revelado \u2013 recuperado de bastidores<br \/>\n\u2013 Sistemas de filtraci\u00f3n y recirculaci\u00f3n<br \/>\n\u2013 Aerosoles: Adhesivos \u2013 limpiadores para uso en otros procesos serigr\u00e1ficos.<\/p>\n","protected":false},"excerpt":{"rendered":"<p>Con sede en New York, esta centenaria empresa se dedic\u00f3 desde sus or\u00edgenes al desarrollo y elaboraci\u00f3n de fluidos para uso de la industria textil. A trav\u00e9s de los a\u00f1os, esta l\u00ednea de solventes ha sido complementada hasta ofrecer en la actualidad un surtido integral que incluye: \u2013 L\u00edquidos desmanchadores \u2013 Pistolas para limpieza de [&hellip;]<\/p>\n","protected":false},"author":1,"featured_media":0,"parent":16,"menu_order":2,"comment_status":"closed","ping_status":"closed","template":"","meta":[],"_links":{"self":[{"href":"https:\/\/www.screengraf.cl\/sitio_2016\/wp-json\/wp\/v2\/pages\/40"}],"collection":[{"href":"https:\/\/www.screengraf.cl\/sitio_2016\/wp-json\/wp\/v2\/pages"}],"about":[{"href":"https:\/\/www.screengraf.cl\/sitio_2016\/wp-json\/wp\/v2\/types\/page"}],"author":[{"embeddable":true,"href":"https:\/\/www.screengraf.cl\/sitio_2016\/wp-json\/wp\/v2\/users\/1"}],"replies":[{"embeddable":true,"href":"https:\/\/www.screengraf.cl\/sitio_2016\/wp-json\/wp\/v2\/comments?post=40"}],"version-history":[{"count":2,"href":"https:\/\/www.screengraf.cl\/sitio_2016\/wp-json\/wp\/v2\/pages\/40\/revisions"}],"predecessor-version":[{"id":76,"href":"https:\/\/www.screengraf.cl\/sitio_2016\/wp-json\/wp\/v2\/pages\/40\/revisions\/76"}],"up":[{"embeddable":true,"href":"https:\/\/www.screengraf.cl\/sitio_2016\/wp-json\/wp\/v2\/pages\/16"}],"wp:attachment":[{"href":"https:\/\/www.screengraf.cl\/sitio_2016\/wp-json\/wp\/v2\/media?parent=40"}],"curies":[{"name":"wp","href":"https:\/\/api.w.org\/{rel}","templated":true}]}}